{"id":625,"date":"2018-03-17T17:22:12","date_gmt":"2018-03-17T16:22:12","guid":{"rendered":"http:\/\/snl78.org\/?page_id=625"},"modified":"2024-10-08T08:19:17","modified_gmt":"2024-10-08T06:19:17","slug":"nous-connaitre","status":"publish","type":"page","link":"https:\/\/snl78.org\/","title":{"rendered":"Le projet SNL"},"content":{"rendered":"<p style=\"text-align: justify;\"><img data-attachment-id=\"638\" data-permalink=\"https:\/\/snl78.org\/index.php\/nous-connaitre\/img_4553_nouveau-logo\/\" data-orig-file=\"https:\/\/i0.wp.com\/snl78.org\/wp-content\/uploads\/2018\/03\/IMG_4553_nouveau-logo.jpg?fit=3072%2C2304&amp;ssl=1\" data-orig-size=\"3072,2304\" data-comments-opened=\"0\" data-image-meta=\"{&quot;aperture&quot;:&quot;0&quot;,&quot;credit&quot;:&quot;&quot;,&quot;camera&quot;:&quot;&quot;,&quot;caption&quot;:&quot;&quot;,&quot;created_timestamp&quot;:&quot;0&quot;,&quot;copyright&quot;:&quot;&quot;,&quot;focal_length&quot;:&quot;0&quot;,&quot;iso&quot;:&quot;0&quot;,&quot;shutter_speed&quot;:&quot;0&quot;,&quot;title&quot;:&quot;&quot;,&quot;orientation&quot;:&quot;0&quot;}\" data-image-title=\"IMG_4553_nouveau logo\" data-image-description=\"\" data-medium-file=\"https:\/\/i0.wp.com\/snl78.org\/wp-content\/uploads\/2018\/03\/IMG_4553_nouveau-logo.jpg?fit=300%2C225&amp;ssl=1\" data-large-file=\"https:\/\/i0.wp.com\/snl78.org\/wp-content\/uploads\/2018\/03\/IMG_4553_nouveau-logo.jpg?fit=1024%2C768&amp;ssl=1\" loading=\"lazy\" class=\"wp-image-638 aligncenter\" src=\"https:\/\/i0.wp.com\/snl78.org\/wp-content\/uploads\/2018\/03\/IMG_4553_nouveau-logo.jpg?resize=667%2C500\" alt=\"\" width=\"667\" height=\"500\" srcset=\"https:\/\/i0.wp.com\/snl78.org\/wp-content\/uploads\/2018\/03\/IMG_4553_nouveau-logo.jpg?w=3072&amp;ssl=1 3072w, https:\/\/i0.wp.com\/snl78.org\/wp-content\/uploads\/2018\/03\/IMG_4553_nouveau-logo.jpg?resize=150%2C113&amp;ssl=1 150w, https:\/\/i0.wp.com\/snl78.org\/wp-content\/uploads\/2018\/03\/IMG_4553_nouveau-logo.jpg?resize=300%2C225&amp;ssl=1 300w, https:\/\/i0.wp.com\/snl78.org\/wp-content\/uploads\/2018\/03\/IMG_4553_nouveau-logo.jpg?resize=768%2C576&amp;ssl=1 768w, https:\/\/i0.wp.com\/snl78.org\/wp-content\/uploads\/2018\/03\/IMG_4553_nouveau-logo.jpg?resize=1024%2C768&amp;ssl=1 1024w, https:\/\/i0.wp.com\/snl78.org\/wp-content\/uploads\/2018\/03\/IMG_4553_nouveau-logo.jpg?resize=600%2C450&amp;ssl=1 600w, https:\/\/i0.wp.com\/snl78.org\/wp-content\/uploads\/2018\/03\/IMG_4553_nouveau-logo.jpg?w=2400&amp;ssl=1 2400w\" sizes=\"(max-width: 667px) 100vw, 667px\" data-recalc-dims=\"1\" \/><\/p>\n<p>&nbsp;<\/p>\n<p style=\"text-align: center;\"><span style=\"font-family: arial, helvetica, sans-serif; font-size: 36pt; color: #ff0000;\"><strong>Ce site n&rsquo;est plus maintenu,<\/strong><\/span><\/p>\n<p style=\"text-align: center;\"><span style=\"font-family: arial, helvetica, sans-serif; font-size: 36pt; color: #ff0000;\"><strong>vous pouvez nous trouver sur le site de SNL<\/strong><\/span><\/p>\n<p style=\"text-align: center;\"><span style=\"font-family: arial, helvetica, sans-serif; font-size: 24pt;\"><strong><a href=\"https:\/\/www.solidarites-nouvelles-logement.org\/\"><span style=\"font-size: 18pt;\">https:\/\/www.solidarites-nouvelles-logement.org\/<\/span><\/a> <\/strong><\/span><\/p>\n<p>&nbsp;<\/p>\n<p style=\"text-align: center;\"><strong>Vous pouvez \u00e9galement nous joindre :<\/strong><\/p>\n<p style=\"text-align: center;\">SNL Yvelines<br \/>\nLe Campus \u2013 b\u00e2timent B1 \u2013 1er \u00e9tage<br \/>\n6 rue Jean-Pierre Timbaud<br \/>\n78180 MONTIGNY-LE-BRETONNEUX<br \/>\nT\u00e9l\u00e9phone : 01 39 63 48 72<br \/>\nE-mail : contact@snl-yvelines.org<\/p>\n<p style=\"text-align: center;\"><span style=\"font-family: arial, helvetica, sans-serif; font-size: 36pt;\">&#8212;&#8211;<\/span><\/p>\n<p style=\"text-align: justify;\"><span style=\"font-family: arial, helvetica, sans-serif;\">Depuis 1988, <span style=\"color: #bf1200;\"><strong>Solidarit\u00e9s Nouvelles pour le Logement (SNL)<\/strong><\/span> a fait le constat d\u2019une double fracture\u00a0:<\/span><\/p>\n<ul style=\"text-align: justify;\">\n<li><span style=\"font-family: arial, helvetica, sans-serif;\"><i>Une fracture qui s\u00e9pare les hommes les uns des autres\u00a0:<br \/>\nNotre soci\u00e9t\u00e9 manque de paroles \u00e9chang\u00e9es, d\u2019\u00e9coute r\u00e9ciproque, de soin port\u00e9 \u00e0 l\u2019autre. Elle ne conna\u00eet pas assez de lieux o\u00f9 puissent s\u2019exercer une solidarit\u00e9 \u00e0 visage humain et la responsabilit\u00e9 du citoyen.<\/i><\/span><\/li>\n<li><span style=\"font-family: arial, helvetica, sans-serif;\"><i>Une fracture entre la n\u00e9cessit\u00e9 du logement et la r\u00e9alit\u00e9 v\u00e9cue par beaucoup\u00a0:<br \/>\nHabiter est pour tout homme une n\u00e9cessit\u00e9 premi\u00e8re. Beaucoup n\u2019ont plus o\u00f9 habiter. L\u2019\u00e9cart creus\u00e9 entre r\u00e9alit\u00e9 et n\u00e9cessit\u00e9 est immense. <\/i><\/span><\/li>\n<\/ul>\n<p style=\"text-align: justify;\"><span style=\"font-family: arial, helvetica, sans-serif;\">Cette double fracture met fortement \u00e0 l\u2019\u00e9preuve l\u2019humanit\u00e9 de chacun. S&rsquo;y r\u00e9signer conduit \u00e0 la nier d\u00e9finitivement.<\/span><\/p>\n<p style=\"text-align: justify;\"><span style=\"font-family: arial, helvetica, sans-serif;\">Ce constat, pos\u00e9 par ses fondateurs d\u00e8s le premier paragraphe de la <b><span style=\"color: #bf1200;\">Charte SNL<\/span>,<\/b> a fa\u00e7onn\u00e9 notre conviction que <span style=\"color: #bf1200;\"><b>toute personne doit pouvoir habiter dans un logement d\u00e9cent et trouver sa place parmi les autres.<\/b><\/span><\/span><\/p>\n<p style=\"text-align: justify;\"><span style=\"font-family: arial, helvetica, sans-serif;\">\u00a0<\/span><\/p>\n<p style=\"text-align: justify;\"><span style=\"font-family: arial, helvetica, sans-serif;\">C\u2019est dans cette optique que les membres de <i>Solidarit\u00e9s Nouvelles pour le Logement<\/i> agissent en s\u2019inscrivant dans une <b>d\u00e9marche originale<\/b>, fond\u00e9e sur un engagement citoyen.<\/span><\/p>\n<p style=\"text-align: justify;\"><span style=\"font-family: arial, helvetica, sans-serif;\">Elle se d\u00e9cline en quatre points\u00a0:<\/span><\/p>\n<ul style=\"text-align: justify;\">\n<li><span style=\"font-family: arial, helvetica, sans-serif;\"><span style=\"color: #bf1200;\"><b>Cr\u00e9er des logements <\/b><\/span>accessibles aux personnes d\u00e9munies par construction, achat &#8211; r\u00e9novation, bail \u00e0 r\u00e9habilitation ou mise \u00e0 disposition par des particuliers.<\/span><\/li>\n<li><span style=\"font-family: arial, helvetica, sans-serif;\"><span style=\"color: #bf1200;\"><b>Louer ces logements <\/b><\/span>\u00e0 des personnes en difficult\u00e9 le temps n\u00e9cessaire \u00e0 leur acc\u00e8s \u00e0 un logement durable. Les locataires sont membres de l\u2019association et sont encourag\u00e9s avec l\u2019aide des b\u00e9n\u00e9voles \u00e0 participer \u00e0 la vie de leur nouveau quartier.<\/span><\/li>\n<li><span style=\"font-family: arial, helvetica, sans-serif;\"><span style=\"color: #bf1200;\"><b>Accompagner chaque m\u00e9nage <\/b><\/span>vers la reconstruction de liens sociaux. Cet accompagnement est assur\u00e9 par des b\u00e9n\u00e9voles du quartier ou de la ville et par un travailleur social de l\u2019association. Ils aident le locataire \u00e0 la d\u00e9finition de son projet de relogement et l\u2019\u00e9paulent jusqu\u2019\u00e0 sa r\u00e9alisation.<\/span><\/li>\n<li><span style=\"font-family: arial, helvetica, sans-serif;\"><span style=\"color: #bf1200;\"><b>T\u00e9moigner pour mobiliser <\/b><\/span>autour de l&rsquo;action de l&rsquo;association et pour interpeller les instances politiques et les acteurs publics ou priv\u00e9s du logement.<\/span><\/li>\n<\/ul>\n<p style=\"text-align: justify;\"><span style=\"font-family: arial, helvetica, sans-serif;\">\u00a0<\/span><\/p>\n<p style=\"text-align: justify;\"><span style=\"font-size: 24pt; font-family: arial, helvetica, sans-serif; color: #bf1200;\"><b>Dans les Yvelines<\/b><\/span><\/p>\n<p style=\"text-align: justify;\"><span style=\"font-size: 14pt; font-family: arial, helvetica, sans-serif;\"><span style=\"color: #bf1200;\"><b>Solidarit\u00e9s Nouvelles pour le Logement Yvelines<\/b><\/span>, c&rsquo;est, au 31 d\u00e9cembre 2023 :<\/span><\/p>\n<ul>\n<li style=\"text-align: justify;\"><span style=\"font-size: 14pt; font-family: arial, helvetica, sans-serif;\"><span style=\"color: #bf1200;\"><b>Pr\u00e8s de 750 m\u00e9nages accueillis<\/b><\/span> (= familles ou personnes seules) depuis la cr\u00e9ation de SNL Yvelines,<\/span><\/li>\n<li style=\"text-align: justify;\"><span style=\"font-size: 14pt; font-family: arial, helvetica, sans-serif;\"><span style=\"color: #bf1200;\"><b>la plupart des m\u00e9nages relog\u00e9s <\/b><\/span>avec un bail de longue dur\u00e9e, avec un taux de r\u00e9ussite de pr\u00e8s de 90 % par rapport au nombre de m\u00e9nages accueillis,<\/span><\/li>\n<li style=\"text-align: justify;\"><span style=\"font-size: 14pt; font-family: arial, helvetica, sans-serif;\"><span style=\"color: #bf1200;\"><b>133 logements de transition acquis et r\u00e9nov\u00e9s<\/b><\/span>, r\u00e9partis sur <span style=\"color: #bf1200;\"><b>29 communes<\/b><\/span>,<\/span><\/li>\n<li style=\"text-align: justify;\"><span style=\"font-size: 14pt; font-family: arial, helvetica, sans-serif;\"><span style=\"color: #bf1200;\"><b>304 b\u00e9n\u00e9voles<\/b><\/span> r\u00e9unis en <span style=\"color: #bf1200;\"><b>20 Groupes Locaux de Solidarit\u00e9<\/b><\/span>, ou \u0153uvrant au si\u00e8ge,<\/span><\/li>\n<li style=\"text-align: justify;\"><span style=\"font-size: 14pt; font-family: arial, helvetica, sans-serif;\"><span style=\"color: #bf1200;\"><b>Une \u00e9quipe de 14 salari\u00e9s <\/b><\/span>bas\u00e9e \u00e0 Montigny-le-Bretonneux<br \/>\n<\/span><\/li>\n<li style=\"text-align: justify;\"><span style=\"font-size: 14pt; font-family: arial, helvetica, sans-serif;\"><span style=\"color: #bf1200;\"><b>1164 donateurs<\/b><\/span>.<\/span><\/li>\n<\/ul>\n<p style=\"text-align: justify;\"><span style=\"font-family: arial, helvetica, sans-serif;\"><strong><span style=\"font-size: 18pt;\">\u00a0<\/span><\/strong><\/span><\/p>\n","protected":false},"excerpt":{"rendered":"<p>&nbsp; Ce site n&rsquo;est plus maintenu, vous pouvez nous trouver sur le site de SNL https:\/\/www.solidarites-nouvelles-logement.org\/ &nbsp; Vous pouvez \u00e9galement nous joindre : SNL Yvelines Le Campus \u2013 b\u00e2timent B1 \u2013 1er \u00e9tage 6 rue Jean-Pierre Timbaud 78180 MONTIGNY-LE-BRETONNEUX T\u00e9l\u00e9phone : 01 39 63 48 72 E-mail : contact@snl-yvelines.org &#8212;&#8211; Depuis 1988, Solidarit\u00e9s Nouvelles pour [&hellip;]<\/p>\n","protected":false},"author":2,"featured_media":0,"parent":0,"menu_order":1,"comment_status":"closed","ping_status":"closed","template":"","meta":{"spay_email":""},"jetpack_sharing_enabled":true,"jetpack_shortlink":"https:\/\/wp.me\/P8nZxF-a5","jetpack-related-posts":[{"id":1454,"url":"https:\/\/snl78.org\/index.php\/sous-les-etoiles-de-paris\/","url_meta":{"origin":625,"position":0},"title":"Le Chesnay - Sous les \u00e9toiles de Paris","date":"2 avril 2026","format":false,"excerpt":"Catherine Frot, notre marraine, pr\u00e9sente son film ! Beau projet de cin\u00e9ma avec SNL au Chesnay ! Prenez vos places, et venez voir ce film, mais aussi dialoguer avec Catherine Frot, qui nous fait l'amiti\u00e9 d'\u00eatre pr\u00e9sente.\u00a0 On peut donc pratiquer simplement l'utile et l'agr\u00e9able. soir\u00e9e unique. Prenez vos billets\u2026","rel":"","context":"Article similaire","img":{"alt_text":"","src":"https:\/\/i0.wp.com\/snl78.org\/wp-content\/uploads\/2026\/04\/image2.jpg?fit=788%2C308&ssl=1&resize=350%2C200","width":350,"height":200},"classes":[]},{"id":1267,"url":"https:\/\/snl78.org\/index.php\/jedonne-a-snl-yvelines\/","url_meta":{"origin":625,"position":1},"title":"Je donne \u00e0 SNL Yvelines","date":"3 juin 2022","format":false,"excerpt":"Vous \u00eates arriv\u00e9 sur cette page car vous d\u00e9sirez contribuer \u00e0 l'action de \u00e0 SNL Yvelines, et nous vous en remercions. La page a d\u00e9m\u00e9nag\u00e9. Merci de cliquer sur ce lien pour atteindre notre page de dons. Je donne","rel":"","context":"Article similaire","img":{"alt_text":"","src":"https:\/\/i2.wp.com\/snl78.org\/wp-content\/uploads\/2017\/02\/finance-logement-300x200.jpg?resize=350%2C200&ssl=1","width":350,"height":200},"classes":[]},{"id":1203,"url":"https:\/\/snl78.org\/index.php\/assemblee-generale-de-snl-78-la-foire-aux-questions\/","url_meta":{"origin":625,"position":2},"title":"Assembl\u00e9e G\u00e9n\u00e9rale de SNL 78 : La Foire Aux Questions","date":"8 mai 2021","format":false,"excerpt":"Vous trouverez dans cette Foire Aux Questions la r\u00e9ponse \u00e0 un certain nombre de vos demandes, qui n'ont pas \u00e9t\u00e9 abord\u00e9es dans les documents communiqu\u00e9s pour l'assembl\u00e9e g\u00e9n\u00e9rale. Cette page est remise \u00e0 jour en fonction des demandes que nous recevons et des r\u00e9ponses que nous pouvons apporter.","rel":"","context":"Article similaire","img":{"alt_text":"","src":"","width":0,"height":0},"classes":[]},{"id":1240,"url":"https:\/\/snl78.org\/index.php\/je-donne\/","url_meta":{"origin":625,"position":3},"title":"Je donne","date":"14 mars 2022","format":false,"excerpt":"Vous \u00eates arriv\u00e9 sur cette page car vous d\u00e9sirez contribuer \u00e0 l'action de \u00e0 SNL Yvelines, et nous vous en remercions. La page a d\u00e9m\u00e9nag\u00e9. Merci de cliquer sur ce lien pour atteindre notre page de dons. Je donne","rel":"","context":"Article similaire","img":{"alt_text":"","src":"https:\/\/i2.wp.com\/snl78.org\/wp-content\/uploads\/2017\/02\/finance-logement-300x200.jpg?resize=350%2C200&ssl=1","width":350,"height":200},"classes":[]},{"id":1322,"url":"https:\/\/snl78.org\/index.php\/nous-connaitre\/sabonner-a-la-petite-passerelle\/","url_meta":{"origin":625,"position":4},"title":"s'abonner \u00e0 la petite passerelle","date":"11 avril 2023","format":false,"excerpt":"","rel":"","context":"Article similaire","img":{"alt_text":"","src":"","width":0,"height":0},"classes":[]}],"_links":{"self":[{"href":"https:\/\/snl78.org\/index.php\/wp-json\/wp\/v2\/pages\/625"}],"collection":[{"href":"https:\/\/snl78.org\/index.php\/wp-json\/wp\/v2\/pages"}],"about":[{"href":"https:\/\/snl78.org\/index.php\/wp-json\/wp\/v2\/types\/page"}],"author":[{"embeddable":true,"href":"https:\/\/snl78.org\/index.php\/wp-json\/wp\/v2\/users\/2"}],"replies":[{"embeddable":true,"href":"https:\/\/snl78.org\/index.php\/wp-json\/wp\/v2\/comments?post=625"}],"version-history":[{"count":19,"href":"https:\/\/snl78.org\/index.php\/wp-json\/wp\/v2\/pages\/625\/revisions"}],"predecessor-version":[{"id":1398,"href":"https:\/\/snl78.org\/index.php\/wp-json\/wp\/v2\/pages\/625\/revisions\/1398"}],"wp:attachment":[{"href":"https:\/\/snl78.org\/index.php\/wp-json\/wp\/v2\/media?parent=625"}],"curies":[{"name":"wp","href":"https:\/\/api.w.org\/{rel}","templated":true}]}}