{"id":535,"date":"2017-03-23T23:24:02","date_gmt":"2017-03-23T22:24:02","guid":{"rendered":"http:\/\/snl78.org\/?page_id=535"},"modified":"2018-03-21T00:29:11","modified_gmt":"2018-03-20T23:29:11","slug":"page-test","status":"publish","type":"page","link":"https:\/\/snl78.org\/index.php\/accueil\/page-test\/","title":{"rendered":"Contact"},"content":{"rendered":"","protected":true},"excerpt":{"rendered":"","protected":true},"author":2,"featured_media":0,"parent":123,"menu_order":20,"comment_status":"closed","ping_status":"closed","template":"","meta":{"spay_email":""},"jetpack_sharing_enabled":true,"jetpack_shortlink":"https:\/\/wp.me\/P8nZxF-8D","jetpack-related-posts":[{"id":1203,"url":"https:\/\/snl78.org\/index.php\/assemblee-generale-de-snl-78-la-foire-aux-questions\/","url_meta":{"origin":535,"position":0},"title":"Assembl\u00e9e G\u00e9n\u00e9rale de SNL 78 : La Foire Aux Questions","date":"8 mai 2021","format":false,"excerpt":"Vous trouverez dans cette Foire Aux Questions la r\u00e9ponse \u00e0 un certain nombre de vos demandes, qui n'ont pas \u00e9t\u00e9 abord\u00e9es dans les documents communiqu\u00e9s pour l'assembl\u00e9e g\u00e9n\u00e9rale. Cette page est remise \u00e0 jour en fonction des demandes que nous recevons et des r\u00e9ponses que nous pouvons apporter.","rel":"","context":"Article similaire","img":{"alt_text":"","src":"","width":0,"height":0},"classes":[]},{"id":1377,"url":"https:\/\/snl78.org\/index.php\/rapports-indisponibles\/","url_meta":{"origin":535,"position":1},"title":"Rapports indisponibles","date":"15 mai 2024","format":false,"excerpt":"Bonjour les rapports pour l'Assembl\u00e9e G\u00e9n\u00e9rale 2024 ne sont pas encore disponibles. Revenez bient\u00f4t sur cette m\u00eame adresse.\u00a0 merci","rel":"","context":"Article similaire","img":{"alt_text":"","src":"","width":0,"height":0},"classes":[]},{"id":1240,"url":"https:\/\/snl78.org\/index.php\/je-donne\/","url_meta":{"origin":535,"position":2},"title":"Je donne","date":"14 mars 2022","format":false,"excerpt":"Vous \u00eates arriv\u00e9 sur cette page car vous d\u00e9sirez contribuer \u00e0 l'action de \u00e0 SNL Yvelines, et nous vous en remercions. La page a d\u00e9m\u00e9nag\u00e9. Merci de cliquer sur ce lien pour atteindre notre page de dons. Je donne","rel":"","context":"Article similaire","img":{"alt_text":"","src":"https:\/\/i2.wp.com\/snl78.org\/wp-content\/uploads\/2017\/02\/finance-logement-300x200.jpg?resize=350%2C200&ssl=1","width":350,"height":200},"classes":[]},{"id":1267,"url":"https:\/\/snl78.org\/index.php\/jedonne-a-snl-yvelines\/","url_meta":{"origin":535,"position":3},"title":"Je donne \u00e0 SNL Yvelines","date":"3 juin 2022","format":false,"excerpt":"Vous \u00eates arriv\u00e9 sur cette page car vous d\u00e9sirez contribuer \u00e0 l'action de \u00e0 SNL Yvelines, et nous vous en remercions. La page a d\u00e9m\u00e9nag\u00e9. Merci de cliquer sur ce lien pour atteindre notre page de dons. Je donne","rel":"","context":"Article similaire","img":{"alt_text":"","src":"https:\/\/i2.wp.com\/snl78.org\/wp-content\/uploads\/2017\/02\/finance-logement-300x200.jpg?resize=350%2C200&ssl=1","width":350,"height":200},"classes":[]},{"id":625,"url":"https:\/\/snl78.org\/","url_meta":{"origin":535,"position":4},"title":"Le projet SNL","date":"17 mars 2018","format":false,"excerpt":"\u00a0 Ce site n'est plus maintenu, vous pouvez nous trouver sur le site de SNL https:\/\/www.solidarites-nouvelles-logement.org\/ \u00a0 Vous pouvez \u00e9galement nous joindre : SNL Yvelines Le Campus \u2013 b\u00e2timent B1 \u2013 1er \u00e9tage 6 rue Jean-Pierre Timbaud 78180 MONTIGNY-LE-BRETONNEUX T\u00e9l\u00e9phone : 01 39 63 48 72 E-mail : contact@snl-yvelines.org -----\u2026","rel":"","context":"Article similaire","img":{"alt_text":"","src":"https:\/\/i0.wp.com\/snl78.org\/wp-content\/uploads\/2018\/03\/IMG_4553_nouveau-logo.jpg?resize=350%2C200","width":350,"height":200},"classes":[]}],"_links":{"self":[{"href":"https:\/\/snl78.org\/index.php\/wp-json\/wp\/v2\/pages\/535"}],"collection":[{"href":"https:\/\/snl78.org\/index.php\/wp-json\/wp\/v2\/pages"}],"about":[{"href":"https:\/\/snl78.org\/index.php\/wp-json\/wp\/v2\/types\/page"}],"author":[{"embeddable":true,"href":"https:\/\/snl78.org\/index.php\/wp-json\/wp\/v2\/users\/2"}],"replies":[{"embeddable":true,"href":"https:\/\/snl78.org\/index.php\/wp-json\/wp\/v2\/comments?post=535"}],"version-history":[{"count":6,"href":"https:\/\/snl78.org\/index.php\/wp-json\/wp\/v2\/pages\/535\/revisions"}],"predecessor-version":[{"id":624,"href":"https:\/\/snl78.org\/index.php\/wp-json\/wp\/v2\/pages\/535\/revisions\/624"}],"up":[{"embeddable":true,"href":"https:\/\/snl78.org\/index.php\/wp-json\/wp\/v2\/pages\/123"}],"wp:attachment":[{"href":"https:\/\/snl78.org\/index.php\/wp-json\/wp\/v2\/media?parent=535"}],"curies":[{"name":"wp","href":"https:\/\/api.w.org\/{rel}","templated":true}]}}