{"id":137,"date":"2017-02-09T22:14:43","date_gmt":"2017-02-09T21:14:43","guid":{"rendered":"http:\/\/snl78.org\/?page_id=137"},"modified":"2018-03-17T20:27:51","modified_gmt":"2018-03-17T19:27:51","slug":"vie-associative","status":"publish","type":"page","link":"https:\/\/snl78.org\/index.php\/accueil\/vie-associative\/","title":{"rendered":"Vie associative"},"content":{"rendered":"","protected":true},"excerpt":{"rendered":"","protected":true},"author":2,"featured_media":0,"parent":123,"menu_order":5,"comment_status":"closed","ping_status":"closed","template":"","meta":{"spay_email":""},"jetpack_sharing_enabled":true,"jetpack_shortlink":"https:\/\/wp.me\/P8nZxF-2d","jetpack-related-posts":[{"id":625,"url":"https:\/\/snl78.org\/","url_meta":{"origin":137,"position":0},"title":"Le projet SNL","date":"17 mars 2018","format":false,"excerpt":"\u00a0 Ce site n'est plus maintenu, vous pouvez nous trouver sur le site de SNL https:\/\/www.solidarites-nouvelles-logement.org\/ \u00a0 Vous pouvez \u00e9galement nous joindre : SNL Yvelines Le Campus \u2013 b\u00e2timent B1 \u2013 1er \u00e9tage 6 rue Jean-Pierre Timbaud 78180 MONTIGNY-LE-BRETONNEUX T\u00e9l\u00e9phone : 01 39 63 48 72 E-mail : contact@snl-yvelines.org -----\u2026","rel":"","context":"Article similaire","img":{"alt_text":"","src":"https:\/\/i0.wp.com\/snl78.org\/wp-content\/uploads\/2018\/03\/IMG_4553_nouveau-logo.jpg?resize=350%2C200","width":350,"height":200},"classes":[]},{"id":1203,"url":"https:\/\/snl78.org\/index.php\/assemblee-generale-de-snl-78-la-foire-aux-questions\/","url_meta":{"origin":137,"position":1},"title":"Assembl\u00e9e G\u00e9n\u00e9rale de SNL 78 : La Foire Aux Questions","date":"8 mai 2021","format":false,"excerpt":"Vous trouverez dans cette Foire Aux Questions la r\u00e9ponse \u00e0 un certain nombre de vos demandes, qui n'ont pas \u00e9t\u00e9 abord\u00e9es dans les documents communiqu\u00e9s pour l'assembl\u00e9e g\u00e9n\u00e9rale. Cette page est remise \u00e0 jour en fonction des demandes que nous recevons et des r\u00e9ponses que nous pouvons apporter.","rel":"","context":"Article similaire","img":{"alt_text":"","src":"","width":0,"height":0},"classes":[]}],"_links":{"self":[{"href":"https:\/\/snl78.org\/index.php\/wp-json\/wp\/v2\/pages\/137"}],"collection":[{"href":"https:\/\/snl78.org\/index.php\/wp-json\/wp\/v2\/pages"}],"about":[{"href":"https:\/\/snl78.org\/index.php\/wp-json\/wp\/v2\/types\/page"}],"author":[{"embeddable":true,"href":"https:\/\/snl78.org\/index.php\/wp-json\/wp\/v2\/users\/2"}],"replies":[{"embeddable":true,"href":"https:\/\/snl78.org\/index.php\/wp-json\/wp\/v2\/comments?post=137"}],"version-history":[{"count":8,"href":"https:\/\/snl78.org\/index.php\/wp-json\/wp\/v2\/pages\/137\/revisions"}],"predecessor-version":[{"id":561,"href":"https:\/\/snl78.org\/index.php\/wp-json\/wp\/v2\/pages\/137\/revisions\/561"}],"up":[{"embeddable":true,"href":"https:\/\/snl78.org\/index.php\/wp-json\/wp\/v2\/pages\/123"}],"wp:attachment":[{"href":"https:\/\/snl78.org\/index.php\/wp-json\/wp\/v2\/media?parent=137"}],"curies":[{"name":"wp","href":"https:\/\/api.w.org\/{rel}","templated":true}]}}