{"id":134,"date":"2017-02-09T22:13:52","date_gmt":"2017-02-09T21:13:52","guid":{"rendered":"http:\/\/snl78.org\/?page_id=134"},"modified":"2018-03-17T20:28:21","modified_gmt":"2018-03-17T19:28:21","slug":"logementmoi","status":"publish","type":"page","link":"https:\/\/snl78.org\/index.php\/accueil\/logementmoi\/","title":{"rendered":"Logements\/MOI"},"content":{"rendered":"","protected":true},"excerpt":{"rendered":"","protected":true},"author":2,"featured_media":0,"parent":123,"menu_order":4,"comment_status":"closed","ping_status":"closed","template":"","meta":{"spay_email":""},"jetpack_sharing_enabled":false,"jetpack_shortlink":"https:\/\/wp.me\/P8nZxF-2a","jetpack-related-posts":[{"id":625,"url":"https:\/\/snl78.org\/","url_meta":{"origin":134,"position":0},"title":"Le projet SNL","date":"17 mars 2018","format":false,"excerpt":"\u00a0 Ce site n'est plus maintenu, vous pouvez nous trouver sur le site de SNL https:\/\/www.solidarites-nouvelles-logement.org\/ \u00a0 Vous pouvez \u00e9galement nous joindre : SNL Yvelines Le Campus \u2013 b\u00e2timent B1 \u2013 1er \u00e9tage 6 rue Jean-Pierre Timbaud 78180 MONTIGNY-LE-BRETONNEUX T\u00e9l\u00e9phone : 01 39 63 48 72 E-mail : contact@snl-yvelines.org -----\u2026","rel":"","context":"Article similaire","img":{"alt_text":"","src":"https:\/\/i0.wp.com\/snl78.org\/wp-content\/uploads\/2018\/03\/IMG_4553_nouveau-logo.jpg?resize=350%2C200","width":350,"height":200},"classes":[]}],"_links":{"self":[{"href":"https:\/\/snl78.org\/index.php\/wp-json\/wp\/v2\/pages\/134"}],"collection":[{"href":"https:\/\/snl78.org\/index.php\/wp-json\/wp\/v2\/pages"}],"about":[{"href":"https:\/\/snl78.org\/index.php\/wp-json\/wp\/v2\/types\/page"}],"author":[{"embeddable":true,"href":"https:\/\/snl78.org\/index.php\/wp-json\/wp\/v2\/users\/2"}],"replies":[{"embeddable":true,"href":"https:\/\/snl78.org\/index.php\/wp-json\/wp\/v2\/comments?post=134"}],"version-history":[{"count":2,"href":"https:\/\/snl78.org\/index.php\/wp-json\/wp\/v2\/pages\/134\/revisions"}],"predecessor-version":[{"id":478,"href":"https:\/\/snl78.org\/index.php\/wp-json\/wp\/v2\/pages\/134\/revisions\/478"}],"up":[{"embeddable":true,"href":"https:\/\/snl78.org\/index.php\/wp-json\/wp\/v2\/pages\/123"}],"wp:attachment":[{"href":"https:\/\/snl78.org\/index.php\/wp-json\/wp\/v2\/media?parent=134"}],"curies":[{"name":"wp","href":"https:\/\/api.w.org\/{rel}","templated":true}]}}